{"id":23,"date":"2011-06-24T16:12:28","date_gmt":"2011-06-24T16:12:28","guid":{"rendered":"http:\/\/vivianmeller.de\/?page_id=23"},"modified":"2018-09-14T15:19:34","modified_gmt":"2018-09-14T15:19:34","slug":"impressum","status":"publish","type":"page","link":"http:\/\/vivianmeller.de\/?page_id=23","title":{"rendered":"impressum"},"content":{"rendered":"<div style=\"width:200px; float: left; padding-right: 20px; display: inline;\" class=\"post_column_1\"><p><\/p>\n<h5>contact<\/h5>\n<p>Vivian Meller<br \/>\nRuhrtalstr.17<br \/>\n40233 D\u00fcsseldorf<\/p>\n<p><\/div>\n<div style=\"width:200px; float: left; padding-right: 20px; display: inline;\" class=\"post_column_1\"><p><\/p>\n<h5>photography<\/h5>\n<p>&#8220;mein&#8221;: <a href=\"http:\/\/www.larshillen.com\" target=\"_blank\" rel=\"noopener noreferrer\">Lars Hillen<\/a><\/p>\n<p>&#8220;seifenblase&#8221;,&#8221;seil&#8221;, &#8220;infinity&#8221; : Philipp Imlau<\/p>\n<p>&#8220;eis am stiel&#8221;: <a href=\"http:\/\/www.matskubiak.de\" target=\"_blank\" rel=\"noopener noreferrer\">Mats Kubiak<\/a><\/p>\n<p>&#8220;portrait me&#8221;: <a href=\"http:\/\/www.valerieschmidt.de\/\" target=\"_blank\" rel=\"noopener noreferrer\">Valerie Schmidt<\/a>, <a href=\"http:\/\/www.lauralvarado.com\" target=\"_blank\" rel=\"noopener noreferrer\"> Laura Alvarado<\/a>,\u00a0 <a href=\"http:\/\/www.matskubiak.de\" target=\"_blank\" rel=\"noopener noreferrer\">Mats Kubiak<\/a>, <a href=\"http:\/\/christianrolfes.de\/\" target=\"_blank\" rel=\"noopener noreferrer\">Christian Rolfes<\/a><\/p>\n<p>&#8220;made by nude&#8221;: Susanne Adolphy<\/p>\n<p>&#8220;in contact with nude&#8221;: Laura Alvarado<\/p>\n<p><\/div>\n<div style=\"width:200px; float: left; padding-right: 20px; display: inline;\" class=\"post_column_1\"><p><\/p>\n<h5>film<\/h5>\n<p>&#8220;seifenblase&#8221;, &#8220;nude&#8221;: Philipp Imlau<\/p>\n<p>&#8220;gown sketch&#8221;: Vivian Meller<\/p>\n<h5>Webdesign &amp; Realisierung<\/h5>\n<p>Technische Realisierung<br \/>\nder Internetseite durch<br \/>\n<a href=\"http:\/\/jenniferdaniel.de\" target=\"_blank\" rel=\"noopener noreferrer\">Jennifer Daniel<\/a><\/p>\n<h5>Corporate Design<\/h5>\n<p>Susanne Adolphy<\/p>\n<p><\/div>\n<div style=\"width:450px; float: left; padding-right: 20px; display: inline;\" class=\"post_column_1\"><p><\/p>\n<h5>Haftung f\u00fcr Inhalte<\/h5>\n<p>Die Inhalte meiner Seiten wurden mit gr\u00f6\u00dfter Sorgfalt erstellt. F\u00fcr die Richtigkeit, Vollst\u00e4ndigkeit und Aktualit\u00e4t der Inhalte kann ich jedoch keine Gew\u00e4hr \u00fcbernehmen. Als Diensteanbieter bin ich gem\u00e4\u00df \u00a7 7 Abs.1 TMG f\u00fcr eigene Inhalte auf diesen Seiten nach den allgemeinen Gesetzen verantwortlich. Nach \u00a7\u00a7 8 bis 10 TMG bin ich als Diensteanbieter jedoch nicht verpflichtet, \u00fcbermittelte oder gespeicherte fremde Informationen zu \u00fcberwachen oder nach Umst\u00e4nden zu forschen, die auf eine rechtswidrige T\u00e4tigkeit hinweisen. Verpflichtungen zur Entfernung oder Sperrung der Nutzung von Informationen nach den allgemeinen Gesetzen bleiben hiervon unber\u00fchrt. Eine diesbez\u00fcgliche Haftung ist jedoch erst ab dem Zeitpunkt der Kenntniseiner konkreten Rechtsverletzung m\u00f6glich. Bei Bekanntwerden von entsprechenden Rechtsverletzungen werde ich diese Inhalte umgehend entfernen.<br \/>\n<\/div>\n<div style=\"width:450px; float: left; padding-right: 20px; display: inline;\" class=\"post_column_1\"><p><\/p>\n<h5>Haftung f\u00fcr Links<\/h5>\n<p>Mein Angebot enth\u00e4lt Links zu externen Webseiten Dritter, auf deren Inhalte ich keinen Einfluss habe. Deshalb kann ich f\u00fcr diese fremden Inhalte auch keine Gew\u00e4hr \u00fcbernehmen. F\u00fcr die Inhalte der verlinkten Seiten ist stets der jeweilige Anbieter oder Betreiber der Seiten verantwortlich. Die verlinkten Seiten wurden zum Zeitpunkt der Verlinkung auf m\u00f6gliche Rechtsverst\u00f6\u00dfe \u00fcberpr\u00fcft. Rechtswidrige Inhalte waren zum Zeitpunkt der Verlinkung nicht erkennbar. Eine permanente inhaltliche Kontrolle der verlinkten Seiten ist jedoch ohne konkrete Anhaltspunkte einer Rechtsverletzung nicht zumutbar. Bei Bekanntwerden von Rechtsverletzungen werde ich derartige Links umgehend entfernen.<br \/>\n<\/div>\n<div style=\"width:450px; float: left; padding-right: 20px; display: inline;\" class=\"post_column_1\"><p><\/p>\n<h5>Urheberrecht<\/h5>\n<p>Die durch den Seitenbetreiber erstellten Inhalte und Werke auf diesen Seiten unterliegen dem deutschen Urheberrecht. Die Vervielf\u00e4ltigung, Bearbeitung, Verbreitung und jede Art der Verwertung au\u00dferhalb der Grenzen des Urheberrechtes bed\u00fcrfen der schriftlichen Zustimmung des jeweiligen Autors bzw. Erstellers. Downloads und Kopien dieser Seite sind nur f\u00fcr den privaten, nicht kommerziellen Gebrauch gestattet. Soweit die Inhalte auf dieser Seite nicht vom Betreiber erstellt wurden, werden die Urheberrechte Dritter beachtet. Insbesondere werden Inhalte Dritter als solche gekennzeichnet. Sollten Sie trotzdem auf eine Urheberrechtsverletzung aufmerksam werden, bitte ich um einen entsprechenden Hinweis. Bei Bekanntwerden von Rechtsverletzungen werde ich derartige Inhalte umgehend entfernen.<br \/>\n<\/div>\n<div style=\"width:450px; float: left; padding-right: 20px; display: inline;\" class=\"post_column_1\"><p><\/p>\n<h5>Datenschutzerkl\u00e4rung f\u00fcr die Website www.vivianmeller.de<\/h5>\n<p>Ich freue mich \u00fcber dein Interesse an meiner Website www.vivianmeller.de (\u201eWebsite\u201c). Datenschutz ist Vertrauenssache und dein Vertrauen ist mir wichtig. Daher beachte ich, Vivian Meller, als Betreiberin der Website, bei der Verarbeitung deiner pers\u00f6nlichen Daten die gesetzlichen Bestimmungen. Nachstehend informiere ich dich als K\u00e4ufer (\u201eKunde\u201c) und Verk\u00e4ufer (\u201eVerk\u00e4ufer\u201c) (beide zusammen auch \u201eNutzer\u201c genannt) \u00fcber den Umgang mit deinen Daten.<br \/>\nDurch das Aufrufen und Verwenden der Website erkl\u00e4rst du dich mit diesen Datenschutzbestimmungen einverstanden. Etwaig erteilte Einwilligungen kannst du jederzeit mit Wirkung f\u00fcr die Zukunft widerrufen. Solltest du Fragen bez\u00fcglich der Verwendung deiner pers\u00f6nlichen Daten durch mich haben, wende dich bitte jederzeit an mich.<br \/>\n<\/div>\n<div style=\"width:450px; float: left; padding-right: 20px; display: inline;\" class=\"post_column_1\"><p><\/p>\n<h5>I. Name und Anschrift des Verantwortlichen<\/h5>\n<p>Der Verantwortliche im Sinne der Datenschutz-Grundverordnung und anderer nationaler Datenschutzgesetze der Mitgliedsstaaten sowie sonstiger datenschutzrechtlicher Bestimmungen ist:<\/p>\n<p>vivian meller jewellery<br \/>\nRuhrtalstr. 17<br \/>\n40233 D\u00fcsseldorf<br \/>\nTel. +49 (0)211 17835670<br \/>\nE-Mail: mail@vivianmeller@gmx.de<br \/>\nGesch\u00e4ftsf\u00fchrung: Vivian Meller<br \/>\nUSt. IDNr. DE 284561003, Finanzamt D\u00fcsseldorf<\/p>\n<h5>II. Allgemeines zur Datenverarbeitung<\/h5>\n<p>1. Umfang der Verarbeitung personenbezogener Daten<br \/>\nUm die Funktionsf\u00e4higkeit meiner Internetseite sowie die Bereitstellung meiner Inhalte und Leistungen zu gew\u00e4hrleisten, ist es erforderlich, dass ich personenbezogene Daten meiner Nutzer erhebe und verwende. <\/p>\n<p><\/div>\n<div style=\"width:450px; float: left; padding-right: 20px; display: inline;\" class=\"post_column_1\"><p><\/p>\n<h5 class=\"white\">#<\/h5>\n<p>2. Rechtsgrundlage f\u00fcr die Verarbeitung personenbezogener Daten<br \/>\nSoweit ich f\u00fcr Verarbeitungsvorg\u00e4nge personenbezogener Daten eine Einwilligung der betroffenen Person einhole, dient Art.\u00a06 Abs.\u00a01 lit.\u00a0a EU-Datenschutzgrundverordnung (DSGVO) als Rechtsgrundlage f\u00fcr die Verarbeitung personenbezogener Daten.<\/p>\n<p>Bei der Verarbeitung von personenbezogenen Daten, die zur Erf\u00fcllung eines Vertrages, dessen Vertragspartei die betroffene Person ist, erforderlich ist, dient Art.\u00a06 Abs.\u00a01 lit.\u00a0b DSGVO als Rechtsgrundlage. Dies gilt auch f\u00fcr Verarbeitungsvorg\u00e4nge, die zur Durchf\u00fchrung vorvertraglicher Ma\u00dfnahmen erforderlich sind.<\/p>\n<p>Soweit eine Verarbeitung personenbezogener Daten zur Erf\u00fcllung einer rechtlichen Verpflichtung erforderlich ist, der mein Unternehmen unterliegt, dient Art.\u00a06 Abs.\u00a01 lit.\u00a0c DSGVO als Rechtsgrundlage. F\u00fcr den Fall, dass lebenswichtige Interessen der betroffenen Person oder einer anderen nat\u00fcrlichen Person eine Verarbeitung personenbezogener Daten erforderlich machen, dient Art.\u00a06 Abs.\u00a01 lit.\u00a0d DSGVO als Rechtsgrundlage. <\/p>\n<p><\/div>\n<div style=\"width:450px; float: left; padding-right: 20px; display: inline;\" class=\"post_column_1\"><p><\/p>\n<h5 class=\"white\">#<\/h5>\n<p>Ist die Verarbeitung zur Wahrung eines berechtigten Interesses meines Unternehmens oder eines Dritten erforderlich und \u00fcberwiegen die Interessen, Grundrechte und Grundfreiheiten des Betroffenen das erstgenannte Interesse nicht, so dient Art.\u00a06 Abs.\u00a01 lit.\u00a0f DSGVO als Rechtsgrundlage f\u00fcr die Verarbeitung.<\/p>\n<p>3. Datenl\u00f6schung und Speicherdauer<br \/>\nDie personenbezogenen Daten der betroffenen Person werden gel\u00f6scht oder gesperrt, sobald der Zweck der Speicherung entf\u00e4llt. Eine Speicherung kann dar\u00fcber hinaus dann erfolgen, wenn dies durch den europ\u00e4ischen oder nationalen Gesetzgeber in unionsrechtlichen Verordnungen, Gesetzen oder sonstigen Vorschriften, denen der Verantwortliche unterliegt, vorgesehen wurde. Eine Sperrung oder L\u00f6schung der Daten erfolgt auch dann, wenn eine durch die genannten Normen vorgeschriebene Speicherfrist abl\u00e4uft, es sei denn, dass eine Erforderlichkeit zur weiteren Speicherung der Daten f\u00fcr einen Vertragsabschluss oder eine Vertragserf\u00fcllung besteht.<\/p>\n<p><\/div>\n<div style=\"width:450px; float: left; padding-right: 20px; display: inline;\" class=\"post_column_1\"><p><\/p>\n<h5 class=\"white\">#<\/h5>\n<p>4. Dauer der Speicherung<br \/>\nDie Daten werden gel\u00f6scht, sobald sie f\u00fcr die Erreichung des Zweckes ihrer Erhebung nicht mehr erforderlich sind. Dies ist bei der Erf\u00fcllung eines Vertrags dann der Fall, wenn die Daten f\u00fcr die Durchf\u00fchrung des Vertrages nicht mehr erforderlich sind. Auch nach Abschluss des Vertrags kann eine Erforderlichkeit, personenbezogene Daten des Vertragspartners zu speichern, bestehen, um vertraglichen oder gesetzlichen Verpflichtungen nachzukommen.<\/p>\n<p>5. Widerspruchs- und Beseitigungsm\u00f6glichkeit<br \/>\nAls Nutzer hast du jederzeit die M\u00f6glichkeit, die Daten l\u00f6schen oder ab\u00e4ndern zu lassen. Benutze<br \/>\n dazu z. B. die in dieser Erkl\u00e4rung aufgef\u00fchrten Kontaktwege. Sind die Daten zur Erf\u00fcllung eines Vertrages oder zur Durchf\u00fchrung vorvertraglicher Ma\u00dfnahmen erforderlich, ist eine vorzeitige L\u00f6schung der Daten nur m\u00f6glich, soweit nicht vertragliche oder gesetzliche Verpflichtungen einer L\u00f6schung entgegenstehen.<\/p>\n<p><\/div>\n<div style=\"width:450px; float: left; padding-right: 20px; display: inline;\" class=\"post_column_1\"><p><\/p>\n<h5>III. E-Mail Newsletter<\/h5>\n<p>Beschreibung und Umfang der Datenverarbeitung<br \/>\nAuf meinen Ausstellungen im Atelier \u201cRing und Rabe\u201c und auf Messen, M\u00e4rkten und Veranstaltungen gibt es die M\u00f6glichkeit sich f\u00fcr den Newsletter einzutragen. F\u00fcr die Verarbeitung deiner E-Mail-Adresse wird in diesem Rahmen deine Einwilligung eingeholt und auf diese Datenschutzerkl\u00e4rung verwiesen. Es erfolgt im Zusammenhang mit der Datenverarbeitung f\u00fcr den Versand von Newslettern keine Weitergabe der Daten an Dritte. Die Daten werden ausschlie\u00dflich f\u00fcr den Versand des Newsletters verwendet.<\/p>\n<p>2. Rechtsgrundlage f\u00fcr die Datenverarbeitung<br \/>\nRechtsgrundlage f\u00fcr die Verarbeitung der Daten nach Anmeldung zum Newsletters ist Art. 6 Abs. 1 lit. a DSGVO.<\/p>\n<p><\/div>\n<div style=\"width:450px; float: left; padding-right: 20px; display: inline;\" class=\"post_column_1\"><p><\/p>\n<h5 class=\"white\">#<\/h5>\n<p>3. Zweck der Datenverarbeitung<br \/>\nDie Erhebung deiner E-Mail-Adresse dient dazu, den Newsletter zuzustellen.<\/p>\n<p>4. Dauer der Speicherung<br \/>\nDie Daten werden gel\u00f6scht, sobald sie f\u00fcr die Erreichung des Zweckes ihrer Erhebung nicht mehr erforderlich sind. Die E-Mail-Adresse des Nutzers wird demnach solange gespeichert, wie das Abonnement des Newsletters aktiv ist.<\/p>\n<p>5. Widerspruchs- und Beseitigungsm\u00f6glichkeit<br \/>\nDas Abonnement des Newsletters kann durch den betroffenen Nutzer jederzeit ohne Angabe von Gr\u00fcnden abbestellt werden. Zu diesem Zweck findet sich in jedem Newsletter am Ende eine entsprechende Aufforderung. Du kannst dich durch eine Nachricht an mail@vivianmeller@gmx.de abmelden.<br \/>\n<\/div>\n<div style=\"width:450px; float: left; padding-right: 20px; display: inline;\" class=\"post_column_1\"><p>\n<h5>IV. Server-Logfiles<\/h5>\n<p>1. Beschreibung und Umfang der Datenverarbeitung<br \/>\nIn meinem Server werden beim Besuch meiner Internetseite automatisch Log-File-Daten erhoben und in einer internen Protokolldatei gespeichert, die \u00fcber deinen Browser an mich \u00fcbermittelt werden. Hierbei handelt es sich um folgende Daten: Internet-Protokoll, IP-Adresse, Seite, von der aus die Datei angefordert wurde, Datum, Uhrzeit, Browsertyp und Betriebssystem, die von Ihnen besuchte Seite, \u00fcbertragene Datenmenge, Zugriffsstatus (Datei \u00fcbertragen, Datei nicht gefunden etc.).<br \/>\nDiese Daten erheben und verarbeiten wir in anonymisierter Form, das hei\u00dft: Sie k\u00f6nnen nicht einer bestimmten Person zugeordnet werden.<br \/>\n<\/div><br \/>\n<div style=\"clear: both;\"><\/div><\/p>\n","protected":false},"excerpt":{"rendered":"","protected":false},"author":1,"featured_media":0,"parent":0,"menu_order":0,"comment_status":"closed","ping_status":"open","template":"","meta":{"_mi_skip_tracking":false,"_monsterinsights_sitenote_active":false,"_monsterinsights_sitenote_note":"","_monsterinsights_sitenote_category":0},"_links":{"self":[{"href":"http:\/\/vivianmeller.de\/index.php?rest_route=\/wp\/v2\/pages\/23"}],"collection":[{"href":"http:\/\/vivianmeller.de\/index.php?rest_route=\/wp\/v2\/pages"}],"about":[{"href":"http:\/\/vivianmeller.de\/index.php?rest_route=\/wp\/v2\/types\/page"}],"author":[{"embeddable":true,"href":"http:\/\/vivianmeller.de\/index.php?rest_route=\/wp\/v2\/users\/1"}],"replies":[{"embeddable":true,"href":"http:\/\/vivianmeller.de\/index.php?rest_route=%2Fwp%2Fv2%2Fcomments&post=23"}],"version-history":[{"count":92,"href":"http:\/\/vivianmeller.de\/index.php?rest_route=\/wp\/v2\/pages\/23\/revisions"}],"predecessor-version":[{"id":1358,"href":"http:\/\/vivianmeller.de\/index.php?rest_route=\/wp\/v2\/pages\/23\/revisions\/1358"}],"wp:attachment":[{"href":"http:\/\/vivianmeller.de\/index.php?rest_route=%2Fwp%2Fv2%2Fmedia&parent=23"}],"curies":[{"name":"wp","href":"https:\/\/api.w.org\/{rel}","templated":true}]}}